{"id":68019,"date":"2024-05-24T13:59:53","date_gmt":"2024-05-24T11:59:53","guid":{"rendered":"https:\/\/www.solids-recycling-technik.de\/social-commitment\/"},"modified":"2026-03-26T12:57:01","modified_gmt":"2026-03-26T11:57:01","slug":"social-commitment","status":"publish","type":"page","link":"https:\/\/www.solids-recycling-technik.de\/en\/social-commitment\/","title":{"rendered":"Social commitment"},"content":{"rendered":"\t\t<div data-elementor-type=\"wp-page\" data-elementor-id=\"68019\" class=\"elementor elementor-68019 elementor-33243\" data-elementor-post-type=\"page\">\n\t\t\t\t<div class=\"elementor-element elementor-element-5942cfe e-flex e-con-boxed e-con e-parent\" data-id=\"5942cfe\" data-element_type=\"container\" data-settings=\"{&quot;background_background&quot;:&quot;classic&quot;}\">\n\t\t\t\t\t<div class=\"e-con-inner\">\n\t\t<div class=\"elementor-element elementor-element-d3a96bc e-con-full e-flex e-con e-child\" data-id=\"d3a96bc\" data-element_type=\"container\">\n\t\t\t\t<div class=\"elementor-element elementor-element-2832c1e elementor-widget elementor-widget-heading\" data-id=\"2832c1e\" data-element_type=\"widget\" data-widget_type=\"heading.default\">\n\t\t\t\t<div class=\"elementor-widget-container\">\n\t\t\t\t\t<h1 class=\"elementor-heading-title elementor-size-default\">Social commitment<\/h1>\t\t\t\t<\/div>\n\t\t\t\t<\/div>\n\t\t\t\t<\/div>\n\t\t<div class=\"elementor-element elementor-element-40f0a6c e-con-full e-flex e-con e-child\" data-id=\"40f0a6c\" data-element_type=\"container\">\n\t\t\t\t<div class=\"elementor-element elementor-element-2294884 elementor-widget elementor-widget-text-editor\" data-id=\"2294884\" data-element_type=\"widget\" data-widget_type=\"text-editor.default\">\n\t\t\t\t<div class=\"elementor-widget-container\">\n\t\t\t\t\t\t\t\t\t<p>We strive to be an inclusive team, promote diversity, create equal opportunities for all and consistently place sustainability at the centre of our events.<\/p>\n\t\t\t\t\t\t\t\t<\/div>\n\t\t\t\t<\/div>\n\t\t\t\t<\/div>\n\t\t\t\t\t<\/div>\n\t\t\t\t<\/div>\n\t\t<div class=\"elementor-element elementor-element-a7e903e e-flex e-con-boxed e-con e-parent\" data-id=\"a7e903e\" data-element_type=\"container\">\n\t\t\t\t\t<div class=\"e-con-inner\">\n\t\t<div class=\"elementor-element elementor-element-fcce681 e-flex e-con-boxed e-con e-child\" data-id=\"fcce681\" data-element_type=\"container\">\n\t\t\t\t\t<div class=\"e-con-inner\">\n\t\t<div class=\"elementor-element elementor-element-83a5987 e-flex e-con-boxed e-con e-child\" data-id=\"83a5987\" data-element_type=\"container\">\n\t\t\t\t\t<div class=\"e-con-inner\">\n\t\t\t\t<div class=\"elementor-element elementor-element-5935474 elementor-widget elementor-widget-image\" data-id=\"5935474\" data-element_type=\"widget\" data-widget_type=\"image.default\">\n\t\t\t\t<div class=\"elementor-widget-container\">\n\t\t\t\t\t\t\t\t\t\t\t\t\t\t\t<img fetchpriority=\"high\" decoding=\"async\" width=\"800\" height=\"220\" src=\"https:\/\/easyfairsassets.com\/sites\/313\/2023\/10\/Solids_Dortmund_Logo_pos_1024.png\" class=\"attachment-large size-large wp-image-144\" alt=\"Logo Solids, rechts Schriftzug in Versalien, links Icon kleines rotes Granulat umrundet von gr\u00f6\u00dferem grauen Granulat\" srcset=\"https:\/\/easyfairsassets.com\/sites\/313\/2023\/10\/Solids_Dortmund_Logo_pos_1024.png 1024w, https:\/\/easyfairsassets.com\/sites\/313\/2023\/10\/Solids_Dortmund_Logo_pos_1024-300x83.png 300w, https:\/\/easyfairsassets.com\/sites\/313\/2023\/10\/Solids_Dortmund_Logo_pos_1024-768x212.png 768w\" sizes=\"(max-width: 800px) 100vw, 800px\" \/>\t\t\t\t\t\t\t\t\t\t\t\t\t\t\t<\/div>\n\t\t\t\t<\/div>\n\t\t\t\t\t<\/div>\n\t\t\t\t<\/div>\n\t\t<div class=\"elementor-element elementor-element-7f37281 e-flex e-con-boxed e-con e-child\" data-id=\"7f37281\" data-element_type=\"container\">\n\t\t\t\t\t<div class=\"e-con-inner\">\n\t\t\t\t<div class=\"elementor-element elementor-element-2bf47fc elementor-widget elementor-widget-image\" data-id=\"2bf47fc\" data-element_type=\"widget\" data-widget_type=\"image.default\">\n\t\t\t\t<div class=\"elementor-widget-container\">\n\t\t\t\t\t\t\t\t\t\t\t\t\t\t\t\t<a href=\"https:\/\/www.muddyangelrun.com\/\" target=\"_blank\">\n\t\t\t\t\t\t\t<img decoding=\"async\" width=\"800\" height=\"220\" src=\"https:\/\/easyfairsassets.com\/sites\/313\/2024\/06\/RETE_DO_24_logo_pos_DE_4c_1024px.png\" class=\"attachment-large size-large wp-image-37035\" alt=\"Logo recycling-technik, rechts Schriftzug in Versalien, links Icon kleines gr\u00fcnes Granulat umrundet von gr\u00f6\u00dferem grauen Granulat\" srcset=\"https:\/\/easyfairsassets.com\/sites\/313\/2024\/06\/RETE_DO_24_logo_pos_DE_4c_1024px.png 1024w, https:\/\/easyfairsassets.com\/sites\/313\/2024\/06\/RETE_DO_24_logo_pos_DE_4c_1024px-300x83.png 300w, https:\/\/easyfairsassets.com\/sites\/313\/2024\/06\/RETE_DO_24_logo_pos_DE_4c_1024px-768x212.png 768w\" sizes=\"(max-width: 800px) 100vw, 800px\" \/>\t\t\t\t\t\t\t\t<\/a>\n\t\t\t\t\t\t\t\t\t\t\t\t\t\t\t<\/div>\n\t\t\t\t<\/div>\n\t\t\t\t\t<\/div>\n\t\t\t\t<\/div>\n\t\t<div class=\"elementor-element elementor-element-d777e78 e-flex e-con-boxed e-con e-child\" data-id=\"d777e78\" data-element_type=\"container\">\n\t\t\t\t\t<div class=\"e-con-inner\">\n\t\t\t\t<div class=\"elementor-element elementor-element-970e233 elementor-widget elementor-widget-heading\" data-id=\"970e233\" data-element_type=\"widget\" data-widget_type=\"heading.default\">\n\t\t\t\t<div class=\"elementor-widget-container\">\n\t\t\t\t\t<h2 class=\"elementor-heading-title elementor-size-default\">FOR<\/h2>\t\t\t\t<\/div>\n\t\t\t\t<\/div>\n\t\t\t\t\t<\/div>\n\t\t\t\t<\/div>\n\t\t<div class=\"elementor-element elementor-element-3a66386 e-flex e-con-boxed e-con e-child\" data-id=\"3a66386\" data-element_type=\"container\">\n\t\t\t\t\t<div class=\"e-con-inner\">\n\t\t\t\t<div class=\"elementor-element elementor-element-89c540b elementor-widget elementor-widget-image\" data-id=\"89c540b\" data-element_type=\"widget\" data-widget_type=\"image.default\">\n\t\t\t\t<div class=\"elementor-widget-container\">\n\t\t\t\t\t\t\t\t\t\t\t\t\t\t\t\t<a href=\"https:\/\/brustkrebsdeutschland.de\/%20\">\n\t\t\t\t\t\t\t<img decoding=\"async\" width=\"800\" height=\"373\" src=\"https:\/\/easyfairsassets.com\/sites\/313\/2024\/05\/Logo_BKD_official_2c_413x193-1024x477.png\" class=\"attachment-large size-large wp-image-33256\" alt=\"Logo Brustkrebs Deutschland e.V.\" srcset=\"https:\/\/easyfairsassets.com\/sites\/313\/2024\/05\/Logo_BKD_official_2c_413x193-1024x477.png 1024w, https:\/\/easyfairsassets.com\/sites\/313\/2024\/05\/Logo_BKD_official_2c_413x193-300x140.png 300w, https:\/\/easyfairsassets.com\/sites\/313\/2024\/05\/Logo_BKD_official_2c_413x193-768x358.png 768w, https:\/\/easyfairsassets.com\/sites\/313\/2024\/05\/Logo_BKD_official_2c_413x193.png 1200w\" sizes=\"(max-width: 800px) 100vw, 800px\" \/>\t\t\t\t\t\t\t\t<\/a>\n\t\t\t\t\t\t\t\t\t\t\t\t\t\t\t<\/div>\n\t\t\t\t<\/div>\n\t\t\t\t\t<\/div>\n\t\t\t\t<\/div>\n\t\t\t\t\t<\/div>\n\t\t\t\t<\/div>\n\t\t\t\t\t<\/div>\n\t\t\t\t<\/div>\n\t\t<div class=\"elementor-element elementor-element-ef0b551 e-flex e-con-boxed e-con e-parent\" data-id=\"ef0b551\" data-element_type=\"container\">\n\t\t\t\t\t<div class=\"e-con-inner\">\n\t\t<div class=\"elementor-element elementor-element-01bf52a e-flex e-con-boxed e-con e-child\" data-id=\"01bf52a\" data-element_type=\"container\">\n\t\t\t\t\t<div class=\"e-con-inner\">\n\t\t\t\t<div class=\"elementor-element elementor-element-6e851ea elementor-widget elementor-widget-heading\" data-id=\"6e851ea\" data-element_type=\"widget\" data-widget_type=\"heading.default\">\n\t\t\t\t<div class=\"elementor-widget-container\">\n\t\t\t\t\t<h2 class=\"elementor-heading-title elementor-size-default\">TOGETHER AGAINST BREAST CANCER<\/h2>\t\t\t\t<\/div>\n\t\t\t\t<\/div>\n\t\t\t\t<div class=\"elementor-element elementor-element-526aad9 elementor-widget elementor-widget-heading\" data-id=\"526aad9\" data-element_type=\"widget\" data-widget_type=\"heading.default\">\n\t\t\t\t<div class=\"elementor-widget-container\">\n\t\t\t\t\t<h2 class=\"elementor-heading-title elementor-size-default\">This year we are supporting Brustkrebs Deutschland e.V. . \u2018Diagnosis breast cancer - prognosis life!\u2019 is the motto of the non-profit organisation. With a wide range of support and counselling services, it is there for those affected and their relatives, but also for doctors. <\/h2>\t\t\t\t<\/div>\n\t\t\t\t<\/div>\n\t\t\t\t<div class=\"elementor-element elementor-element-7f97bb8 elementor-widget elementor-widget-heading\" data-id=\"7f97bb8\" data-element_type=\"widget\" data-widget_type=\"heading.default\">\n\t\t\t\t<div class=\"elementor-widget-container\">\n\t\t\t\t\t<h2 class=\"elementor-heading-title elementor-size-default\">WHY do we support Brustkrebs Deutschland e.V.? <\/h2>\t\t\t\t<\/div>\n\t\t\t\t<\/div>\n\t\t\t\t<div class=\"elementor-element elementor-element-2a6d639 elementor-widget elementor-widget-text-editor\" data-id=\"2a6d639\" data-element_type=\"widget\" data-widget_type=\"text-editor.default\">\n\t\t\t\t<div class=\"elementor-widget-container\">\n\t\t\t\t\t\t\t\t\t<ul>\n<li><span class=\"TextRun SCXW71469235 BCX8\" lang=\"DE-DE\" xml:lang=\"DE-DE\" data-contrast=\"auto\"><span class=\"NormalTextRun SCXW71469235 BCX8\">We have a lot more powerful women in our industry than we often realise! Every day, countless women drive the bulk materials and recycling industry forward and we are certain that the proportion will continue to rise.<\/span><\/span><\/li>\n<li><span class=\"TextRun SCXW71469235 BCX8\" lang=\"DE-DE\" xml:lang=\"DE-DE\" data-contrast=\"auto\"><span class=\"NormalTextRun SCXW71469235 BCX8\">Men can also be affected by breast cancer. And the numbers are rising.<\/span><\/span><\/li>\n<li><span class=\"TextRun SCXW71469235 BCX8\" lang=\"DE-DE\" xml:lang=\"DE-DE\" data-contrast=\"auto\"><span class=\"NormalTextRun ContextualSpellingAndGrammarErrorV2Themed SCXW71469235 BCX8\">Behind<\/span><span class=\"NormalTextRun SCXW71469235 BCX8\"> every man there is usually a female supporter &#8211; be it a partner, daughters, mothers, friends, mentors or colleagues. Unfortunately, this also means that there are more points of contact than expected or desired.<\/span><\/span><\/li>\n<li><span class=\"TextRun SCXW71469235 BCX8\" lang=\"DE-DE\" xml:lang=\"DE-DE\" data-contrast=\"auto\"><span class=\"NormalTextRun SCXW71469235 BCX8\">Messe Dortmund opens its doors on 9 and 10 October. At the same time, October is Breast Cancer Awareness Month. <\/span><\/span><span class=\"LineBreakBlob BlobObject DragDrop SCXW71469235 BCX8\"><span class=\"SCXW71469235 BCX8\">\u00a0<\/span><\/span><\/li>\n<li><span class=\"TextRun SCXW71469235 BCX8\" lang=\"DE-DE\" xml:lang=\"DE-DE\" data-contrast=\"auto\"><span class=\"NormalTextRun SCXW71469235 BCX8\">The earlier breast cancer is detected, the fewer interventions may be necessary and the greater the chances of recovery. Education, prevention and early detection are therefore the be-all and end-all. <\/span><\/span><span class=\"EOP SCXW71469235 BCX8\" data-ccp-props=\"{&quot;201341983&quot;:0,&quot;335559739&quot;:160,&quot;335559740&quot;:259}\">\u00a0<\/span><\/li>\n<\/ul>\n\t\t\t\t\t\t\t\t<\/div>\n\t\t\t\t<\/div>\n\t\t\t\t<div class=\"elementor-element elementor-element-41c26ab elementor-widget elementor-widget-heading\" data-id=\"41c26ab\" data-element_type=\"widget\" data-widget_type=\"heading.default\">\n\t\t\t\t<div class=\"elementor-widget-container\">\n\t\t\t\t\t<h2 class=\"elementor-heading-title elementor-size-default\">HOW do we support Brustkrebs Deutschland e.V.? <\/h2>\t\t\t\t<\/div>\n\t\t\t\t<\/div>\n\t\t\t\t<div class=\"elementor-element elementor-element-519ef7d elementor-widget elementor-widget-text-editor\" data-id=\"519ef7d\" data-element_type=\"widget\" data-widget_type=\"text-editor.default\">\n\t\t\t\t<div class=\"elementor-widget-container\">\n\t\t\t\t\t\t\t\t\t<ul>\n<li data-leveltext=\u2018-\u2019 data-font=\u2018Aptos\u2019 data-listid=\u201c1\u201d data-list-defn-props=\"{&quot;335551671&quot;:10,&quot;335552541&quot;:1,&quot;335559685&#038; \u2018 : 720, \u2019335559991\u2018 : 360, \u2019469769226\u2018 : \u2019Aptos\u2018, \u201c469769242\u201d : [8226], \u2019469777803\" \u2018:\u2019left\u2018,\u2019469777804\u2018,\u2019-\u2018,\u2019469777815\u2018,\u2019hybridMultilevel\u2018}\u2019 aria-setsize=\u2018-1\u2019 data-aria-posinset=\u201c11\u201d data-aria-level=\u20181\u2019 ><span data-contrast=\u2018auto\u2019>Leverage our network and reach to raise awareness of the club<\/span><span data-ccp-props=\"{&quot;201341983&quot;:0,&quot;335559739&quot;:160,&quot;335559740&#038; quot;:259}\"> <\/span><\/li>\n<li>Information stand at SOLIDS &amp; RECYCLING-TECHNIK Dortmund 2026 (right by the North Entrance) with exciting and informative material as well as opportunities to donate<span data-ccp-props=\"{&quot;201341983&quot;:0,&quot;335559739&quot;:160,&quot;335559740&#038; quot;:259}\u2018> <br \/><\/span><\/li>\n<\/ul>\n<ul>\n<li data-leveltext=\u2019-\u2018 data-font=\u2019Aptos\u2018 data-listid=\u201c1\u201d data-list-defn-props=\u2019{&quot;335551671&quot;:10,&quot;335552541&#038; \u2018 : 1, \u2019335559685\u2018 : 720, \u2019335559991\u2018 : 360, \u2019469769226\u2018 : \u201cAptos\u201d, \u2019469769242\" : [8226],&quot;469777803&quot;:&quot;left&quot;,&quot;469777804&quot;:&quot;-&quot;,&quot;469777815&#038; \u2018:\u2019hybridMultilevel\u2018}\u2019 aria-setsize=\u2018-1\u2019 data-aria-posinset=\u201813\u2019 data-aria-level=\u20181\u2019><span data-contrast=\u201cauto\u201d>Ticket promotion linked to donations<\/span><span data-ccp-props=\"{&#038;q \n<br \/>\n\t\t\t\t\t\t\t\t<\/div>\n\t\t\t\t<\/div>\n\t\t\t\t<div class=\"elementor-element elementor-element-5982015 elementor-widget elementor-widget-heading\" data-id=\"5982015\" data-element_type=\"widget\" data-widget_type=\"heading.default\">\n\t\t\t\t<div class=\"elementor-widget-container\">\n\t\t\t\t\t<h2 class=\"elementor-heading-title elementor-size-default\">Do YOU also want to support Breast Cancer Germany? <\/h2>\t\t\t\t<\/div>\n\t\t\t\t<\/div>\n\t\t\t\t<div class=\"elementor-element elementor-element-7d1e755 elementor-widget elementor-widget-text-editor\" data-id=\"7d1e755\" data-element_type=\"widget\" data-widget_type=\"text-editor.default\">\n\t\t\t\t<div class=\"elementor-widget-container\">\n\t\t\t\t\t\t\t\t\t<p>We are happy about every contribution, no matter how small, which will benefit Breast Cancer Germany e. V. 100%. Our fundraising campaign remains open! With a donation of just \u20ac10, information flyers can be sent to a patient. With a donation of \u20ac25, you can support, for example, the dispatch of a feel-good parcel with information material and small items to those affected. A contribution of \u20ac50 can be used to produce a video interview on current treatment options, for example. So you see &#8211; every donation makes a difference!<\/p>\n\t\t\t\t\t\t\t\t<\/div>\n\t\t\t\t<\/div>\n\t\t\t\t<div class=\"elementor-element elementor-element-da94a93 elementor-widget elementor-widget-button\" data-id=\"da94a93\" data-element_type=\"widget\" data-widget_type=\"button.default\">\n\t\t\t\t<div class=\"elementor-widget-container\">\n\t\t\t\t\t\t\t\t\t<div class=\"elementor-button-wrapper\">\n\t\t\t\t\t<a class=\"elementor-button elementor-button-link elementor-size-sm\" href=\"https:\/\/brustkrebsdeutschland.de\/eigene-spendenaktionen\/?solids-und-recycling-technik-dortmund-power\">\n\t\t\t\t\t\t<span class=\"elementor-button-content-wrapper\">\n\t\t\t\t\t\t\t\t\t<span class=\"elementor-button-text\">To the fundraising campaign<\/span>\n\t\t\t\t\t<\/span>\n\t\t\t\t\t<\/a>\n\t\t\t\t<\/div>\n\t\t\t\t\t\t\t\t<\/div>\n\t\t\t\t<\/div>\n\t\t\t\t\t<\/div>\n\t\t\t\t<\/div>\n\t\t\t\t\t<\/div>\n\t\t\t\t<\/div>\n\t\t<div class=\"elementor-element elementor-element-5a2af5a e-flex e-con-boxed e-con e-parent\" data-id=\"5a2af5a\" data-element_type=\"container\">\n\t\t\t\t\t<div class=\"e-con-inner\">\n\t\t\t\t<div class=\"elementor-element elementor-element-84ab028 elementor-widget elementor-widget-heading\" data-id=\"84ab028\" data-element_type=\"widget\" data-widget_type=\"heading.default\">\n\t\t\t\t<div class=\"elementor-widget-container\">\n\t\t\t\t\t<h2 class=\"elementor-heading-title elementor-size-default\">Impressions<\/h2>\t\t\t\t<\/div>\n\t\t\t\t<\/div>\n\t\t\t\t\t<\/div>\n\t\t\t\t<\/div>\n\t\t<div class=\"elementor-element elementor-element-2380a0f e-flex e-con-boxed e-con e-parent\" data-id=\"2380a0f\" data-element_type=\"container\">\n\t\t\t\t\t<div class=\"e-con-inner\">\n\t\t\t\t<div class=\"elementor-element elementor-element-ecead41 elementor-widget elementor-widget-image\" data-id=\"ecead41\" data-element_type=\"widget\" data-widget_type=\"image.default\">\n\t\t\t\t<div class=\"elementor-widget-container\">\n\t\t\t\t\t\t\t\t\t\t\t\t\t\t\t<img loading=\"lazy\" decoding=\"async\" width=\"800\" height=\"566\" src=\"https:\/\/easyfairsassets.com\/sites\/313\/2024\/11\/5-1024x724.png\" class=\"attachment-large size-large wp-image-68002\" alt=\"Marketing Mitarbeiterinnen im Schaum beim Muddy Angels run\" srcset=\"https:\/\/easyfairsassets.com\/sites\/313\/2024\/11\/5-1024x724.png 1024w, https:\/\/easyfairsassets.com\/sites\/313\/2024\/11\/5-300x212.png 300w, https:\/\/easyfairsassets.com\/sites\/313\/2024\/11\/5-768x543.png 768w, https:\/\/easyfairsassets.com\/sites\/313\/2024\/11\/5.png 1200w\" sizes=\"(max-width: 800px) 100vw, 800px\" \/>\t\t\t\t\t\t\t\t\t\t\t\t\t\t\t<\/div>\n\t\t\t\t<\/div>\n\t\t\t\t<div class=\"elementor-element elementor-element-fbc22bc elementor-widget elementor-widget-image\" data-id=\"fbc22bc\" data-element_type=\"widget\" data-widget_type=\"image.default\">\n\t\t\t\t<div class=\"elementor-widget-container\">\n\t\t\t\t\t\t\t\t\t\t\t\t\t\t\t<img loading=\"lazy\" decoding=\"async\" width=\"800\" height=\"566\" src=\"https:\/\/easyfairsassets.com\/sites\/313\/2024\/11\/4-1024x724.png\" class=\"attachment-large size-large wp-image-68004\" alt=\"Marketing Mitarbeiterinnen beim Muddy Angels run, Gruppenbild\" srcset=\"https:\/\/easyfairsassets.com\/sites\/313\/2024\/11\/4-1024x724.png 1024w, https:\/\/easyfairsassets.com\/sites\/313\/2024\/11\/4-300x212.png 300w, https:\/\/easyfairsassets.com\/sites\/313\/2024\/11\/4-768x543.png 768w, https:\/\/easyfairsassets.com\/sites\/313\/2024\/11\/4.png 1200w\" sizes=\"(max-width: 800px) 100vw, 800px\" \/>\t\t\t\t\t\t\t\t\t\t\t\t\t\t\t<\/div>\n\t\t\t\t<\/div>\n\t\t\t\t<div class=\"elementor-element elementor-element-8059ba5 elementor-widget elementor-widget-image\" data-id=\"8059ba5\" data-element_type=\"widget\" data-widget_type=\"image.default\">\n\t\t\t\t<div class=\"elementor-widget-container\">\n\t\t\t\t\t\t\t\t\t\t\t\t\t\t\t<img loading=\"lazy\" decoding=\"async\" width=\"800\" height=\"566\" src=\"https:\/\/easyfairsassets.com\/sites\/313\/2024\/11\/3-1024x724.png\" class=\"attachment-large size-large wp-image-68006\" alt=\"Marketing Mitarbeiterinnen beim Muddy Angels run, gruppenbild\" srcset=\"https:\/\/easyfairsassets.com\/sites\/313\/2024\/11\/3-1024x724.png 1024w, https:\/\/easyfairsassets.com\/sites\/313\/2024\/11\/3-300x212.png 300w, https:\/\/easyfairsassets.com\/sites\/313\/2024\/11\/3-768x543.png 768w, https:\/\/easyfairsassets.com\/sites\/313\/2024\/11\/3.png 1200w\" sizes=\"(max-width: 800px) 100vw, 800px\" \/>\t\t\t\t\t\t\t\t\t\t\t\t\t\t\t<\/div>\n\t\t\t\t<\/div>\n\t\t\t\t\t<\/div>\n\t\t\t\t<\/div>\n\t\t<div class=\"elementor-element elementor-element-2861b6c e-flex e-con-boxed e-con e-parent\" data-id=\"2861b6c\" data-element_type=\"container\">\n\t\t\t\t\t<div class=\"e-con-inner\">\n\t\t\t\t<div class=\"elementor-element elementor-element-5fd8755 elementor-widget elementor-widget-image\" data-id=\"5fd8755\" data-element_type=\"widget\" data-widget_type=\"image.default\">\n\t\t\t\t<div class=\"elementor-widget-container\">\n\t\t\t\t\t\t\t\t\t\t\t\t\t\t\t<img loading=\"lazy\" decoding=\"async\" width=\"800\" height=\"566\" src=\"https:\/\/easyfairsassets.com\/sites\/313\/2024\/11\/6-1024x724.png\" class=\"attachment-large size-large wp-image-68008\" alt=\"Marketing Mitarbeiterinnen beim Muddy Angels run\" srcset=\"https:\/\/easyfairsassets.com\/sites\/313\/2024\/11\/6-1024x724.png 1024w, https:\/\/easyfairsassets.com\/sites\/313\/2024\/11\/6-300x212.png 300w, https:\/\/easyfairsassets.com\/sites\/313\/2024\/11\/6-768x543.png 768w, https:\/\/easyfairsassets.com\/sites\/313\/2024\/11\/6.png 1200w\" sizes=\"(max-width: 800px) 100vw, 800px\" \/>\t\t\t\t\t\t\t\t\t\t\t\t\t\t\t<\/div>\n\t\t\t\t<\/div>\n\t\t\t\t<div class=\"elementor-element elementor-element-baaf124 elementor-widget elementor-widget-image\" data-id=\"baaf124\" data-element_type=\"widget\" data-widget_type=\"image.default\">\n\t\t\t\t<div class=\"elementor-widget-container\">\n\t\t\t\t\t\t\t\t\t\t\t\t\t\t\t<img loading=\"lazy\" decoding=\"async\" width=\"800\" height=\"566\" src=\"https:\/\/easyfairsassets.com\/sites\/313\/2024\/11\/7-1024x724.png\" class=\"attachment-large size-large wp-image-68010\" alt=\"Kiesgrube, Veranstaltungsort des Muddy Angel Run\" srcset=\"https:\/\/easyfairsassets.com\/sites\/313\/2024\/11\/7-1024x724.png 1024w, https:\/\/easyfairsassets.com\/sites\/313\/2024\/11\/7-300x212.png 300w, https:\/\/easyfairsassets.com\/sites\/313\/2024\/11\/7-768x543.png 768w, https:\/\/easyfairsassets.com\/sites\/313\/2024\/11\/7.png 1200w\" sizes=\"(max-width: 800px) 100vw, 800px\" \/>\t\t\t\t\t\t\t\t\t\t\t\t\t\t\t<\/div>\n\t\t\t\t<\/div>\n\t\t\t\t<div class=\"elementor-element elementor-element-250d2e0 elementor-widget elementor-widget-image\" data-id=\"250d2e0\" data-element_type=\"widget\" data-widget_type=\"image.default\">\n\t\t\t\t<div class=\"elementor-widget-container\">\n\t\t\t\t\t\t\t\t\t\t\t\t\t\t\t<img loading=\"lazy\" decoding=\"async\" width=\"800\" height=\"566\" src=\"https:\/\/easyfairsassets.com\/sites\/313\/2024\/11\/2-1024x724.png\" class=\"attachment-large size-large wp-image-68014\" alt=\"Messestand des Brustkrebs e.V. auf der Messe\" srcset=\"https:\/\/easyfairsassets.com\/sites\/313\/2024\/11\/2-1024x724.png 1024w, https:\/\/easyfairsassets.com\/sites\/313\/2024\/11\/2-300x212.png 300w, https:\/\/easyfairsassets.com\/sites\/313\/2024\/11\/2-768x543.png 768w, https:\/\/easyfairsassets.com\/sites\/313\/2024\/11\/2.png 1200w\" sizes=\"(max-width: 800px) 100vw, 800px\" \/>\t\t\t\t\t\t\t\t\t\t\t\t\t\t\t<\/div>\n\t\t\t\t<\/div>\n\t\t\t\t\t<\/div>\n\t\t\t\t<\/div>\n\t\t\t\t<\/div>\n\t\t","protected":false},"excerpt":{"rendered":"<p>Social commitment We strive to be an inclusive team, promote diversity, create equal opportunities for all and consistently place sustainability at the centre of our events. FOR TOGETHER AGAINST BREAST CANCER This year we are supporting Brustkrebs Deutschland e.V. . \u2018Diagnosis breast cancer &#8211; prognosis life!\u2019 is the motto of the non-profit organisation. With a [&hellip;]<\/p>\n","protected":false},"author":70,"featured_media":0,"parent":0,"menu_order":0,"comment_status":"closed","ping_status":"closed","template":"","meta":{"_seopress_robots_primary_cat":"","_seopress_titles_title":"Social commitment | SOLIDS & RECYCLING-TECHNIK Dortmund","_seopress_titles_desc":"","_seopress_robots_index":"","footnotes":""},"class_list":["post-68019","page","type-page","status-publish","hentry"],"_links":{"self":[{"href":"https:\/\/www.solids-recycling-technik.de\/en\/wp-json\/wp\/v2\/pages\/68019","targetHints":{"allow":["GET"]}}],"collection":[{"href":"https:\/\/www.solids-recycling-technik.de\/en\/wp-json\/wp\/v2\/pages"}],"about":[{"href":"https:\/\/www.solids-recycling-technik.de\/en\/wp-json\/wp\/v2\/types\/page"}],"author":[{"embeddable":true,"href":"https:\/\/www.solids-recycling-technik.de\/en\/wp-json\/wp\/v2\/users\/70"}],"replies":[{"embeddable":true,"href":"https:\/\/www.solids-recycling-technik.de\/en\/wp-json\/wp\/v2\/comments?post=68019"}],"version-history":[{"count":4,"href":"https:\/\/www.solids-recycling-technik.de\/en\/wp-json\/wp\/v2\/pages\/68019\/revisions"}],"predecessor-version":[{"id":114779,"href":"https:\/\/www.solids-recycling-technik.de\/en\/wp-json\/wp\/v2\/pages\/68019\/revisions\/114779"}],"wp:attachment":[{"href":"https:\/\/www.solids-recycling-technik.de\/en\/wp-json\/wp\/v2\/media?parent=68019"}],"curies":[{"name":"wp","href":"https:\/\/api.w.org\/{rel}","templated":true}]}}