{"id":83878,"date":"2025-05-15T10:41:06","date_gmt":"2025-05-15T08:41:06","guid":{"rendered":"https:\/\/www.solids-recycling-technik.de\/stage-presence\/"},"modified":"2025-06-27T16:07:14","modified_gmt":"2025-06-27T14:07:14","slug":"stage-presence","status":"publish","type":"page","link":"https:\/\/www.solids-recycling-technik.de\/en\/stage-presence\/","title":{"rendered":"Stage presence"},"content":{"rendered":"\t\t<div data-elementor-type=\"wp-page\" data-elementor-id=\"83878\" class=\"elementor elementor-83878 elementor-82736\" data-elementor-post-type=\"page\">\n\t\t\t\t<div class=\"elementor-element elementor-element-85e1320 e-flex e-con-boxed e-con e-parent\" data-id=\"85e1320\" data-element_type=\"container\" data-settings=\"{&quot;background_background&quot;:&quot;classic&quot;}\">\n\t\t\t\t\t<div class=\"e-con-inner\">\n\t\t<div class=\"elementor-element elementor-element-b594138 e-con-full e-flex e-con e-child\" data-id=\"b594138\" data-element_type=\"container\">\n\t\t\t\t<div class=\"elementor-element elementor-element-2a6fb03 elementor-widget elementor-widget-heading\" data-id=\"2a6fb03\" data-element_type=\"widget\" data-widget_type=\"heading.default\">\n\t\t\t\t<div class=\"elementor-widget-container\">\n\t\t\t\t\t<h1 class=\"elementor-heading-title elementor-size-default\">Your technology in action<\/h1>\t\t\t\t<\/div>\n\t\t\t\t<\/div>\n\t\t\t\t<\/div>\n\t\t\t\t<div class=\"elementor-element elementor-element-e1b08af elementor-widget elementor-widget-text-editor\" data-id=\"e1b08af\" data-element_type=\"widget\" data-widget_type=\"text-editor.default\">\n\t\t\t\t<div class=\"elementor-widget-container\">\n\t\t\t\t\t\t\t\t\t<p>Bring your technical solutions to the stage &#8211; and show trade visitors and potential customers how your technology works in practice.<\/p>\n\t\t\t\t\t\t\t\t<\/div>\n\t\t\t\t<\/div>\n\t\t\t\t\t<\/div>\n\t\t\t\t<\/div>\n\t\t<div class=\"elementor-element elementor-element-bb5ff40 e-flex e-con-boxed e-con e-parent\" data-id=\"bb5ff40\" data-element_type=\"container\">\n\t\t\t\t\t<div class=\"e-con-inner\">\n\t\t<div class=\"elementor-element elementor-element-a177670 e-flex e-con-boxed e-con e-child\" data-id=\"a177670\" data-element_type=\"container\">\n\t\t\t\t\t<div class=\"e-con-inner\">\n\t\t\t\t<div class=\"elementor-element elementor-element-d57acc9 elementor-widget elementor-widget-text-editor\" data-id=\"d57acc9\" data-element_type=\"widget\" data-widget_type=\"text-editor.default\">\n\t\t\t\t<div class=\"elementor-widget-container\">\n\t\t\t\t\t\t\t\t\t<p>Use the SolutionCenter and TechTalks to present your innovations to a qualified audience of recycling, bulk solids and process technology experts. Whether in your own presentation or together with your customer &#8211; demonstrate how your solution works in a practical way and what concrete added value it offers, strengthen your visibility, emphasise your expertise and position yourself as a reliable partner &#8211; exactly where new business contacts are made.<\/p>\n\t\t\t\t\t\t\t\t<\/div>\n\t\t\t\t<\/div>\n\t\t\t\t\t<\/div>\n\t\t\t\t<\/div>\n\t\t\t\t\t<\/div>\n\t\t\t\t<\/div>\n\t\t<div class=\"elementor-element elementor-element-aa6217c e-flex e-con-boxed e-con e-parent\" data-id=\"aa6217c\" data-element_type=\"container\">\n\t\t\t\t\t<div class=\"e-con-inner\">\n\t\t<div class=\"elementor-element elementor-element-2c8336c e-flex e-con-boxed e-con e-child\" data-id=\"2c8336c\" data-element_type=\"container\" data-settings=\"{&quot;background_background&quot;:&quot;classic&quot;}\">\n\t\t\t\t\t<div class=\"e-con-inner\">\n\t\t<div class=\"elementor-element elementor-element-96410c4 e-con-full e-flex e-con e-child\" data-id=\"96410c4\" data-element_type=\"container\">\n\t\t\t\t<div class=\"elementor-element elementor-element-f2a8bd5 elementor-widget elementor-widget-heading\" data-id=\"f2a8bd5\" data-element_type=\"widget\" data-widget_type=\"heading.default\">\n\t\t\t\t<div class=\"elementor-widget-container\">\n\t\t\t\t\t<h2 class=\"elementor-heading-title elementor-size-default\">SolutionCenter: Present your solution in person  <\/h2>\t\t\t\t<\/div>\n\t\t\t\t<\/div>\n\t\t\t\t<div class=\"elementor-element elementor-element-f136c3c elementor-widget elementor-widget-n-accordion\" data-id=\"f136c3c\" data-element_type=\"widget\" data-settings=\"{&quot;default_state&quot;:&quot;expanded&quot;,&quot;max_items_expended&quot;:&quot;one&quot;,&quot;n_accordion_animation_duration&quot;:{&quot;unit&quot;:&quot;ms&quot;,&quot;size&quot;:400,&quot;sizes&quot;:[]}}\" data-widget_type=\"nested-accordion.default\">\n\t\t\t\t<div class=\"elementor-widget-container\">\n\t\t\t\t\t\t\t<div class=\"e-n-accordion\" aria-label=\"Accordion. Open links with Enter or Space, close with Escape, and navigate with Arrow Keys\">\n\t\t\t\t\t\t<details id=\"e-n-accordion-item-2520\" class=\"e-n-accordion-item\" open>\n\t\t\t\t<summary class=\"e-n-accordion-item-title\" data-accordion-index=\"1\" tabindex=\"0\" aria-expanded=\"true\" aria-controls=\"e-n-accordion-item-2520\" >\n\t\t\t\t\t<span class='e-n-accordion-item-title-header'><div class=\"e-n-accordion-item-title-text\"> Time frame <\/div><\/span>\n\t\t\t\t\t\t\t<span class='e-n-accordion-item-title-icon'>\n\t\t\t<span class='e-opened' ><i aria-hidden=\"true\" class=\"fas fa-angle-down\"><\/i><\/span>\n\t\t\t<span class='e-closed'><i aria-hidden=\"true\" class=\"fas fa-angle-right\"><\/i><\/span>\n\t\t<\/span>\n\n\t\t\t\t\t\t<\/summary>\n\t\t\t\t<div role=\"region\" aria-labelledby=\"e-n-accordion-item-2520\" class=\"elementor-element elementor-element-4b5d74b e-con-full e-flex e-con e-child\" data-id=\"4b5d74b\" data-element_type=\"container\">\n\t\t<div role=\"region\" aria-labelledby=\"e-n-accordion-item-2520\" class=\"elementor-element elementor-element-50a5d9d e-flex e-con-boxed e-con e-child\" data-id=\"50a5d9d\" data-element_type=\"container\">\n\t\t\t\t\t<div class=\"e-con-inner\">\n\t\t\t\t<div class=\"elementor-element elementor-element-4a5f04a elementor-widget elementor-widget-text-editor\" data-id=\"4a5f04a\" data-element_type=\"widget\" data-widget_type=\"text-editor.default\">\n\t\t\t\t<div class=\"elementor-widget-container\">\n\t\t\t\t\t\t\t\t\t<p>30 minute lecture<\/p>\n<ul>\n<li>20 min. lecture<\/li>\n<li>10 min. questions &amp; answers<\/li>\n<\/ul>\n\t\t\t\t\t\t\t\t<\/div>\n\t\t\t\t<\/div>\n\t\t\t\t\t<\/div>\n\t\t\t\t<\/div>\n\t\t\t\t<\/div>\n\t\t\t\t\t<\/details>\n\t\t\t\t\t\t<details id=\"e-n-accordion-item-2521\" class=\"e-n-accordion-item\" >\n\t\t\t\t<summary class=\"e-n-accordion-item-title\" data-accordion-index=\"2\" tabindex=\"-1\" aria-expanded=\"false\" aria-controls=\"e-n-accordion-item-2521\" >\n\t\t\t\t\t<span class='e-n-accordion-item-title-header'><div class=\"e-n-accordion-item-title-text\"> Your advantages <\/div><\/span>\n\t\t\t\t\t\t\t<span class='e-n-accordion-item-title-icon'>\n\t\t\t<span class='e-opened' ><i aria-hidden=\"true\" class=\"fas fa-angle-down\"><\/i><\/span>\n\t\t\t<span class='e-closed'><i aria-hidden=\"true\" class=\"fas fa-angle-right\"><\/i><\/span>\n\t\t<\/span>\n\n\t\t\t\t\t\t<\/summary>\n\t\t\t\t<div role=\"region\" aria-labelledby=\"e-n-accordion-item-2521\" class=\"elementor-element elementor-element-a993a16 e-con-full e-flex e-con e-child\" data-id=\"a993a16\" data-element_type=\"container\">\n\t\t\t\t<div class=\"elementor-element elementor-element-4c9d29c elementor-widget elementor-widget-text-editor\" data-id=\"4c9d29c\" data-element_type=\"widget\" data-widget_type=\"text-editor.default\">\n\t\t\t\t<div class=\"elementor-widget-container\">\n\t\t\t\t\t\t\t\t\t<ul>\n<li><strong>Visibility<\/strong>: Present your technology solutions to a qualified specialist audience of decision-makers, experts and users from the industry.\n<\/li>\n<li><strong>Positioning<\/strong>: Strengthen your market position by emphasising your experience and expertise.\n<\/li>\n<li><strong>Collaboration<\/strong>: Attract the attention of companies that are specifically looking for innovative technology and strong partners.<\/li>\n<\/ul>\n\t\t\t\t\t\t\t\t<\/div>\n\t\t\t\t<\/div>\n\t\t\t\t<\/div>\n\t\t\t\t\t<\/details>\n\t\t\t\t\t\t<details id=\"e-n-accordion-item-2522\" class=\"e-n-accordion-item\" >\n\t\t\t\t<summary class=\"e-n-accordion-item-title\" data-accordion-index=\"3\" tabindex=\"-1\" aria-expanded=\"false\" aria-controls=\"e-n-accordion-item-2522\" >\n\t\t\t\t\t<span class='e-n-accordion-item-title-header'><div class=\"e-n-accordion-item-title-text\"> Application of your presentation <\/div><\/span>\n\t\t\t\t\t\t\t<span class='e-n-accordion-item-title-icon'>\n\t\t\t<span class='e-opened' ><i aria-hidden=\"true\" class=\"fas fa-angle-down\"><\/i><\/span>\n\t\t\t<span class='e-closed'><i aria-hidden=\"true\" class=\"fas fa-angle-right\"><\/i><\/span>\n\t\t<\/span>\n\n\t\t\t\t\t\t<\/summary>\n\t\t\t\t<div role=\"region\" aria-labelledby=\"e-n-accordion-item-2522\" class=\"elementor-element elementor-element-571517a e-con-full e-flex e-con e-child\" data-id=\"571517a\" data-element_type=\"container\">\n\t\t\t\t<div class=\"elementor-element elementor-element-c9ee30c elementor-widget elementor-widget-text-editor\" data-id=\"c9ee30c\" data-element_type=\"widget\" data-widget_type=\"text-editor.default\">\n\t\t\t\t<div class=\"elementor-widget-container\">\n\t\t\t\t\t\t\t\t\t<ul>\n<li>Company roll-up and displays on the stage during the presentation<\/li>\n<li>Promotion of the SolutionCentre in at least two visitor mailings, on LinkedIn and on the SOLIDS &amp; RECYCLING-TECHNIK Dortmund website<\/li>\n<li>Promotion of the supporting programme via trade media in the form of press releases<\/li>\n<\/ul>\n\t\t\t\t\t\t\t\t<\/div>\n\t\t\t\t<\/div>\n\t\t\t\t<\/div>\n\t\t\t\t\t<\/details>\n\t\t\t\t\t\t<details id=\"e-n-accordion-item-2523\" class=\"e-n-accordion-item\" >\n\t\t\t\t<summary class=\"e-n-accordion-item-title\" data-accordion-index=\"4\" tabindex=\"-1\" aria-expanded=\"false\" aria-controls=\"e-n-accordion-item-2523\" >\n\t\t\t\t\t<span class='e-n-accordion-item-title-header'><div class=\"e-n-accordion-item-title-text\"> Price <\/div><\/span>\n\t\t\t\t\t\t\t<span class='e-n-accordion-item-title-icon'>\n\t\t\t<span class='e-opened' ><i aria-hidden=\"true\" class=\"fas fa-angle-down\"><\/i><\/span>\n\t\t\t<span class='e-closed'><i aria-hidden=\"true\" class=\"fas fa-angle-right\"><\/i><\/span>\n\t\t<\/span>\n\n\t\t\t\t\t\t<\/summary>\n\t\t\t\t<div role=\"region\" aria-labelledby=\"e-n-accordion-item-2523\" class=\"elementor-element elementor-element-2401f19 e-flex e-con-boxed e-con e-child\" data-id=\"2401f19\" data-element_type=\"container\">\n\t\t\t\t\t<div class=\"e-con-inner\">\n\t\t\t\t<div class=\"elementor-element elementor-element-b10a37c elementor-widget elementor-widget-text-editor\" data-id=\"b10a37c\" data-element_type=\"widget\" data-widget_type=\"text-editor.default\">\n\t\t\t\t<div class=\"elementor-widget-container\">\n\t\t\t\t\t\t\t\t\t<p><strong>Price:<\/strong> 600,-\u20ac<\/p>\n<ul>\n<li>Raw file of the recording available for an additional charge of \u20ac350 (for later use via your own advertising channels)\u00a0<\/li>\n<li>Equipment (lectern, seating) with technical equipment (laptop, projector, screen, sound equipment) included<\/li>\n<\/ul>\n\t\t\t\t\t\t\t\t<\/div>\n\t\t\t\t<\/div>\n\t\t\t\t\t<\/div>\n\t\t\t\t<\/div>\n\t\t\t\t\t<\/details>\n\t\t\t\t\t<\/div>\n\t\t\t\t\t\t<\/div>\n\t\t\t\t<\/div>\n\t\t\t\t<\/div>\n\t\t<div class=\"elementor-element elementor-element-7edcf8d e-con-full e-flex e-con e-child\" data-id=\"7edcf8d\" data-element_type=\"container\">\n\t\t\t\t<div class=\"elementor-element elementor-element-cc23a3a elementor-widget elementor-widget-image\" data-id=\"cc23a3a\" data-element_type=\"widget\" data-widget_type=\"image.default\">\n\t\t\t\t<div class=\"elementor-widget-container\">\n\t\t\t\t\t\t\t\t\t\t\t\t\t\t\t<img fetchpriority=\"high\" decoding=\"async\" width=\"800\" height=\"534\" src=\"https:\/\/easyfairsassets.com\/sites\/313\/2025\/05\/2023-03-29-Tag-1-2-SOLIDS-RECYCLING-TECHNIK-und-PUMPS-VALVES-offenblende-RSE-0244-1024x683.jpg\" class=\"attachment-large size-large wp-image-83441\" alt=\"Leinwand auf der eine Pr\u00e4sentation zu sehen ist, Speaker steht vor Leinwand und pr\u00e4sentiert, Menschen sitzen im Publikum und schauen zu, sitzen auf St\u00fchlen oder stehen an Stehtischen, wir schauen auf die Leinwand und sehen das Publikum von hinten\" srcset=\"https:\/\/easyfairsassets.com\/sites\/313\/2025\/05\/2023-03-29-Tag-1-2-SOLIDS-RECYCLING-TECHNIK-und-PUMPS-VALVES-offenblende-RSE-0244-1024x683.jpg 1024w, https:\/\/easyfairsassets.com\/sites\/313\/2025\/05\/2023-03-29-Tag-1-2-SOLIDS-RECYCLING-TECHNIK-und-PUMPS-VALVES-offenblende-RSE-0244-300x200.jpg 300w, https:\/\/easyfairsassets.com\/sites\/313\/2025\/05\/2023-03-29-Tag-1-2-SOLIDS-RECYCLING-TECHNIK-und-PUMPS-VALVES-offenblende-RSE-0244-768x512.jpg 768w, https:\/\/easyfairsassets.com\/sites\/313\/2025\/05\/2023-03-29-Tag-1-2-SOLIDS-RECYCLING-TECHNIK-und-PUMPS-VALVES-offenblende-RSE-0244.jpg 1200w\" sizes=\"(max-width: 800px) 100vw, 800px\" \/>\t\t\t\t\t\t\t\t\t\t\t\t\t\t\t<\/div>\n\t\t\t\t<\/div>\n\t\t\t\t<\/div>\n\t\t\t\t\t<\/div>\n\t\t\t\t<\/div>\n\t\t\t\t\t<\/div>\n\t\t\t\t<\/div>\n\t\t<div class=\"elementor-element elementor-element-067122d e-flex e-con-boxed e-con e-parent\" data-id=\"067122d\" data-element_type=\"container\">\n\t\t\t\t\t<div class=\"e-con-inner\">\n\t\t\t\t<div class=\"elementor-element elementor-element-d760140 elementor-widget elementor-widget-spacer\" data-id=\"d760140\" data-element_type=\"widget\" data-widget_type=\"spacer.default\">\n\t\t\t\t<div class=\"elementor-widget-container\">\n\t\t\t\t\t\t\t<div class=\"elementor-spacer\">\n\t\t\t<div class=\"elementor-spacer-inner\"><\/div>\n\t\t<\/div>\n\t\t\t\t\t\t<\/div>\n\t\t\t\t<\/div>\n\t\t\t\t\t<\/div>\n\t\t\t\t<\/div>\n\t\t<div class=\"elementor-element elementor-element-4e74a96 e-flex e-con-boxed e-con e-parent\" data-id=\"4e74a96\" data-element_type=\"container\">\n\t\t\t\t\t<div class=\"e-con-inner\">\n\t\t<div class=\"elementor-element elementor-element-044f473 e-flex e-con-boxed e-con e-child\" data-id=\"044f473\" data-element_type=\"container\" data-settings=\"{&quot;background_background&quot;:&quot;classic&quot;}\">\n\t\t\t\t\t<div class=\"e-con-inner\">\n\t\t<div class=\"elementor-element elementor-element-004e0b0 e-con-full e-flex e-con e-child\" data-id=\"004e0b0\" data-element_type=\"container\">\n\t\t\t\t<div class=\"elementor-element elementor-element-72fdc44 elementor-widget elementor-widget-heading\" data-id=\"72fdc44\" data-element_type=\"widget\" data-widget_type=\"heading.default\">\n\t\t\t\t<div class=\"elementor-widget-container\">\n\t\t\t\t\t<div class=\"elementor-heading-title elementor-size-default\">NEW TechTalks: <br>Success stories live - providers and users in dialogue<\/div>\t\t\t\t<\/div>\n\t\t\t\t<\/div>\n\t\t\t\t<div class=\"elementor-element elementor-element-f5e3c27 elementor-widget elementor-widget-text-editor\" data-id=\"f5e3c27\" data-element_type=\"widget\" data-widget_type=\"text-editor.default\">\n\t\t\t\t<div class=\"elementor-widget-container\">\n\t\t\t\t\t\t\t\t\t<p>Present your technological solution together with your customers.<\/p>\n\t\t\t\t\t\t\t\t<\/div>\n\t\t\t\t<\/div>\n\t\t\t\t<div class=\"elementor-element elementor-element-6ca67c1 elementor-widget elementor-widget-n-accordion\" data-id=\"6ca67c1\" data-element_type=\"widget\" data-settings=\"{&quot;default_state&quot;:&quot;expanded&quot;,&quot;max_items_expended&quot;:&quot;one&quot;,&quot;n_accordion_animation_duration&quot;:{&quot;unit&quot;:&quot;ms&quot;,&quot;size&quot;:400,&quot;sizes&quot;:[]}}\" data-widget_type=\"nested-accordion.default\">\n\t\t\t\t<div class=\"elementor-widget-container\">\n\t\t\t\t\t\t\t<div class=\"e-n-accordion\" aria-label=\"Accordion. Open links with Enter or Space, close with Escape, and navigate with Arrow Keys\">\n\t\t\t\t\t\t<details id=\"e-n-accordion-item-1130\" class=\"e-n-accordion-item\" open>\n\t\t\t\t<summary class=\"e-n-accordion-item-title\" data-accordion-index=\"1\" tabindex=\"0\" aria-expanded=\"true\" aria-controls=\"e-n-accordion-item-1130\" >\n\t\t\t\t\t<span class='e-n-accordion-item-title-header'><div class=\"e-n-accordion-item-title-text\"> Time frame <\/div><\/span>\n\t\t\t\t\t\t\t<span class='e-n-accordion-item-title-icon'>\n\t\t\t<span class='e-opened' ><i aria-hidden=\"true\" class=\"fas fa-angle-down\"><\/i><\/span>\n\t\t\t<span class='e-closed'><i aria-hidden=\"true\" class=\"fas fa-angle-right\"><\/i><\/span>\n\t\t<\/span>\n\n\t\t\t\t\t\t<\/summary>\n\t\t\t\t<div role=\"region\" aria-labelledby=\"e-n-accordion-item-1130\" class=\"elementor-element elementor-element-7b55a62 e-con-full e-flex e-con e-child\" data-id=\"7b55a62\" data-element_type=\"container\">\n\t\t<div role=\"region\" aria-labelledby=\"e-n-accordion-item-1130\" class=\"elementor-element elementor-element-15b89d8 e-flex e-con-boxed e-con e-child\" data-id=\"15b89d8\" data-element_type=\"container\">\n\t\t\t\t\t<div class=\"e-con-inner\">\n\t\t\t\t<div class=\"elementor-element elementor-element-6d31bee elementor-widget elementor-widget-text-editor\" data-id=\"6d31bee\" data-element_type=\"widget\" data-widget_type=\"text-editor.default\">\n\t\t\t\t<div class=\"elementor-widget-container\">\n\t\t\t\t\t\t\t\t\t<p>40 minute lecture<\/p>\n<ul>\n<li>10 min Presentation of the challenge in the everyday work of your customers<\/li>\n<li>10 min. presentation of your product<\/li>\n<li>10 min. Presentation of the problem solution with your technology<\/li>\n<li>10 min. questions &amp; answers\u00a0<\/li>\n<\/ul>\n\t\t\t\t\t\t\t\t<\/div>\n\t\t\t\t<\/div>\n\t\t\t\t\t<\/div>\n\t\t\t\t<\/div>\n\t\t\t\t<\/div>\n\t\t\t\t\t<\/details>\n\t\t\t\t\t\t<details id=\"e-n-accordion-item-1131\" class=\"e-n-accordion-item\" >\n\t\t\t\t<summary class=\"e-n-accordion-item-title\" data-accordion-index=\"2\" tabindex=\"-1\" aria-expanded=\"false\" aria-controls=\"e-n-accordion-item-1131\" >\n\t\t\t\t\t<span class='e-n-accordion-item-title-header'><div class=\"e-n-accordion-item-title-text\"> Your advantages <\/div><\/span>\n\t\t\t\t\t\t\t<span class='e-n-accordion-item-title-icon'>\n\t\t\t<span class='e-opened' ><i aria-hidden=\"true\" class=\"fas fa-angle-down\"><\/i><\/span>\n\t\t\t<span class='e-closed'><i aria-hidden=\"true\" class=\"fas fa-angle-right\"><\/i><\/span>\n\t\t<\/span>\n\n\t\t\t\t\t\t<\/summary>\n\t\t\t\t<div role=\"region\" aria-labelledby=\"e-n-accordion-item-1131\" class=\"elementor-element elementor-element-1af41fc e-con-full e-flex e-con e-child\" data-id=\"1af41fc\" data-element_type=\"container\">\n\t\t\t\t<div class=\"elementor-element elementor-element-9cbb966 elementor-widget elementor-widget-text-editor\" data-id=\"9cbb966\" data-element_type=\"widget\" data-widget_type=\"text-editor.default\">\n\t\t\t\t<div class=\"elementor-widget-container\">\n\t\t\t\t\t\t\t\t\t<ul>\n<li><strong>Trust<\/strong>: Create trust by presenting the practical application of your technology by a satisfied customer in an authentic and comprehensible way.<\/li>\n<li><strong>Expertise<\/strong>: Emphasise your expertise by jointly examining the problem and solution from the perspective of the provider and user.<\/li>\n<li><strong>Credibility<\/strong>: Demonstrate the effectiveness and real benefits of your solution in practice through direct dialogue with your customer.<\/li>\n<\/ul>\n\t\t\t\t\t\t\t\t<\/div>\n\t\t\t\t<\/div>\n\t\t\t\t<\/div>\n\t\t\t\t\t<\/details>\n\t\t\t\t\t\t<details id=\"e-n-accordion-item-1132\" class=\"e-n-accordion-item\" >\n\t\t\t\t<summary class=\"e-n-accordion-item-title\" data-accordion-index=\"3\" tabindex=\"-1\" aria-expanded=\"false\" aria-controls=\"e-n-accordion-item-1132\" >\n\t\t\t\t\t<span class='e-n-accordion-item-title-header'><div class=\"e-n-accordion-item-title-text\"> Application of your presentation <\/div><\/span>\n\t\t\t\t\t\t\t<span class='e-n-accordion-item-title-icon'>\n\t\t\t<span class='e-opened' ><i aria-hidden=\"true\" class=\"fas fa-angle-down\"><\/i><\/span>\n\t\t\t<span class='e-closed'><i aria-hidden=\"true\" class=\"fas fa-angle-right\"><\/i><\/span>\n\t\t<\/span>\n\n\t\t\t\t\t\t<\/summary>\n\t\t\t\t<div role=\"region\" aria-labelledby=\"e-n-accordion-item-1132\" class=\"elementor-element elementor-element-d971cae e-con-full e-flex e-con e-child\" data-id=\"d971cae\" data-element_type=\"container\">\n\t\t\t\t<div class=\"elementor-element elementor-element-4f56254 elementor-widget elementor-widget-text-editor\" data-id=\"4f56254\" data-element_type=\"widget\" data-widget_type=\"text-editor.default\">\n\t\t\t\t<div class=\"elementor-widget-container\">\n\t\t\t\t\t\t\t\t\t<ul>\n<li>Push notification in our trade fair app<\/li>\n<li>Advertising your presentation on the LinkedIn<\/li>\n<li>Contact details of viewers who have left them via Touch &amp; Collect (digital &amp; data protection compliant)<\/li>\n<li>Inclusive service: Video recording and subsequent sending of the video material incl. raw file<\/li>\n<li>Company roll-up and displays on the stage during the presentation<\/li>\n<li>Promotion of the TechTalks in at least two visitor mailings, on LinkedIn and on the SOLIDS &amp; RECYCLING-TECHNIK Dortmund website<\/li>\n<li>Promotion of the supporting programme via trade media in the form of press releases<\/li>\n<\/ul>\n\t\t\t\t\t\t\t\t<\/div>\n\t\t\t\t<\/div>\n\t\t\t\t<\/div>\n\t\t\t\t\t<\/details>\n\t\t\t\t\t\t<details id=\"e-n-accordion-item-1133\" class=\"e-n-accordion-item\" >\n\t\t\t\t<summary class=\"e-n-accordion-item-title\" data-accordion-index=\"4\" tabindex=\"-1\" aria-expanded=\"false\" aria-controls=\"e-n-accordion-item-1133\" >\n\t\t\t\t\t<span class='e-n-accordion-item-title-header'><div class=\"e-n-accordion-item-title-text\"> Price <\/div><\/span>\n\t\t\t\t\t\t\t<span class='e-n-accordion-item-title-icon'>\n\t\t\t<span class='e-opened' ><i aria-hidden=\"true\" class=\"fas fa-angle-down\"><\/i><\/span>\n\t\t\t<span class='e-closed'><i aria-hidden=\"true\" class=\"fas fa-angle-right\"><\/i><\/span>\n\t\t<\/span>\n\n\t\t\t\t\t\t<\/summary>\n\t\t\t\t<div role=\"region\" aria-labelledby=\"e-n-accordion-item-1133\" class=\"elementor-element elementor-element-e493d40 e-flex e-con-boxed e-con e-child\" data-id=\"e493d40\" data-element_type=\"container\">\n\t\t\t\t\t<div class=\"e-con-inner\">\n\t\t\t\t<div class=\"elementor-element elementor-element-2941cb3 elementor-widget elementor-widget-text-editor\" data-id=\"2941cb3\" data-element_type=\"widget\" data-widget_type=\"text-editor.default\">\n\t\t\t\t<div class=\"elementor-widget-container\">\n\t\t\t\t\t\t\t\t\t<p><strong>Price:<\/strong> 990 \u20ac<\/p>\n<ul>\n<li>Inclusive service: Video recording and subsequent sending of the video material incl. raw file\u00a0<\/li>\n<li>Equipment (lectern, seating) with technical equipment (laptop, projector, screen, sound equipment) included<\/li>\n<\/ul>\n\t\t\t\t\t\t\t\t<\/div>\n\t\t\t\t<\/div>\n\t\t\t\t\t<\/div>\n\t\t\t\t<\/div>\n\t\t\t\t\t<\/details>\n\t\t\t\t\t<\/div>\n\t\t\t\t\t\t<\/div>\n\t\t\t\t<\/div>\n\t\t\t\t<\/div>\n\t\t\t\t<div class=\"elementor-element elementor-element-30feb77 elementor-widget elementor-widget-image\" data-id=\"30feb77\" data-element_type=\"widget\" data-widget_type=\"image.default\">\n\t\t\t\t<div class=\"elementor-widget-container\">\n\t\t\t\t\t\t\t\t\t\t\t\t\t\t\t<img decoding=\"async\" src=\"https:\/\/easyfairsassets.com\/sites\/313\/elementor\/thumbs\/4-r5stretquofhzbnqsr39quou4ezxqxgf6cj7q7gidc.png\" title=\"4\" alt=\"Graues Granulat mit 6 abgerundeten Ecken, in gelb steht &quot;Vortrags-Special&quot; in der Mitte\" loading=\"lazy\" \/>\t\t\t\t\t\t\t\t\t\t\t\t\t\t\t<\/div>\n\t\t\t\t<\/div>\n\t\t\t\t\t<\/div>\n\t\t\t\t<\/div>\n\t\t\t\t\t<\/div>\n\t\t\t\t<\/div>\n\t\t<div class=\"elementor-element elementor-element-502cacb e-flex e-con-boxed e-con e-parent\" data-id=\"502cacb\" data-element_type=\"container\">\n\t\t\t\t\t<div class=\"e-con-inner\">\n\t\t\t\t<div class=\"elementor-element elementor-element-c2145c3 elementor-widget elementor-widget-spacer\" data-id=\"c2145c3\" data-element_type=\"widget\" data-widget_type=\"spacer.default\">\n\t\t\t\t<div class=\"elementor-widget-container\">\n\t\t\t\t\t\t\t<div class=\"elementor-spacer\">\n\t\t\t<div class=\"elementor-spacer-inner\"><\/div>\n\t\t<\/div>\n\t\t\t\t\t\t<\/div>\n\t\t\t\t<\/div>\n\t\t\t\t\t<\/div>\n\t\t\t\t<\/div>\n\t\t\t\t<\/div>\n\t\t","protected":false},"excerpt":{"rendered":"<p>Your technology in action Bring your technical solutions to the stage &#8211; and show trade visitors and potential customers how your technology works in practice. Use the SolutionCenter and TechTalks to present your innovations to a qualified audience of recycling, bulk solids and process technology experts. Whether in your own presentation or together with your [&hellip;]<\/p>\n","protected":false},"author":1447,"featured_media":0,"parent":0,"menu_order":0,"comment_status":"closed","ping_status":"closed","template":"","meta":{"_seopress_robots_primary_cat":"","_seopress_titles_title":"Stage presence - SOLIDS - RECYCLING-TECHNIK Dortmund","_seopress_titles_desc":"SolutionCenter & TechTalks: Present technology live, create trust, increase visibility - compact with prices & benefits.","_seopress_robots_index":"","footnotes":""},"class_list":["post-83878","page","type-page","status-publish","hentry"],"_links":{"self":[{"href":"https:\/\/www.solids-recycling-technik.de\/en\/wp-json\/wp\/v2\/pages\/83878","targetHints":{"allow":["GET"]}}],"collection":[{"href":"https:\/\/www.solids-recycling-technik.de\/en\/wp-json\/wp\/v2\/pages"}],"about":[{"href":"https:\/\/www.solids-recycling-technik.de\/en\/wp-json\/wp\/v2\/types\/page"}],"author":[{"embeddable":true,"href":"https:\/\/www.solids-recycling-technik.de\/en\/wp-json\/wp\/v2\/users\/1447"}],"replies":[{"embeddable":true,"href":"https:\/\/www.solids-recycling-technik.de\/en\/wp-json\/wp\/v2\/comments?post=83878"}],"version-history":[{"count":3,"href":"https:\/\/www.solids-recycling-technik.de\/en\/wp-json\/wp\/v2\/pages\/83878\/revisions"}],"predecessor-version":[{"id":84921,"href":"https:\/\/www.solids-recycling-technik.de\/en\/wp-json\/wp\/v2\/pages\/83878\/revisions\/84921"}],"wp:attachment":[{"href":"https:\/\/www.solids-recycling-technik.de\/en\/wp-json\/wp\/v2\/media?parent=83878"}],"curies":[{"name":"wp","href":"https:\/\/api.w.org\/{rel}","templated":true}]}}